{"id":6591,"date":"2020-07-31T09:57:25","date_gmt":"2020-07-31T14:57:25","guid":{"rendered":"https:\/\/scv.edu.co\/portal\/?page_id=6591"},"modified":"2020-07-31T10:07:27","modified_gmt":"2020-07-31T15:07:27","slug":"tutoriales-q10-oit","status":"publish","type":"page","link":"https:\/\/systemcali.edu.co\/portal\/tutoriales-q10-oit\/","title":{"rendered":"Tutoriales Q10 OIT"},"content":{"rendered":"\n<p>Estimado estudiante, aqu\u00ed encontraras la informaci\u00f3n referente a como usar las aulas virtuales y como entrar a tus clases sincr\u00f3nicas<\/p>\n\n\n\n<figure class=\"wp-block-embed-youtube aligncenter wp-block-embed is-type-video is-provider-youtube wp-embed-aspect-4-3 wp-has-aspect-ratio\"><div class=\"wp-block-embed__wrapper\">\n<iframe loading=\"lazy\" title=\"Video Educaci\u00f3n Virtual\" width=\"1150\" height=\"647\" src=\"https:\/\/www.youtube.com\/embed\/-CAqu4c4_gQ?feature=oembed\" frameborder=\"0\" allow=\"accelerometer; autoplay; encrypted-media; gyroscope; picture-in-picture\" allowfullscreen><\/iframe>\n<\/div><figcaption>Curso Virtual<\/figcaption><\/figure>\n\n\n\n<figure class=\"wp-block-embed-youtube aligncenter wp-block-embed is-type-video is-provider-youtube wp-embed-aspect-8-3 wp-has-aspect-ratio\"><div class=\"wp-block-embed__wrapper\">\n<iframe loading=\"lazy\" title=\"Video Sal\u00f3n Virtual\" width=\"1150\" height=\"647\" src=\"https:\/\/www.youtube.com\/embed\/58JHwS4BpkI?feature=oembed\" frameborder=\"0\" allow=\"accelerometer; autoplay; encrypted-media; gyroscope; picture-in-picture\" allowfullscreen><\/iframe>\n<\/div><figcaption>Aula Virtual<\/figcaption><\/figure>\n","protected":false},"excerpt":{"rendered":"<p>Estimado estudiante, aqu\u00ed encontraras la informaci\u00f3n referente a como usar las aulas virtuales y como entrar a tus clases sincr\u00f3nicas<\/p>\n","protected":false},"author":2,"featured_media":0,"parent":0,"menu_order":0,"comment_status":"closed","ping_status":"closed","template":"","meta":{"footnotes":""},"class_list":["post-6591","page","type-page","status-publish","hentry"],"_links":{"self":[{"href":"https:\/\/systemcali.edu.co\/portal\/wp-json\/wp\/v2\/pages\/6591","targetHints":{"allow":["GET"]}}],"collection":[{"href":"https:\/\/systemcali.edu.co\/portal\/wp-json\/wp\/v2\/pages"}],"about":[{"href":"https:\/\/systemcali.edu.co\/portal\/wp-json\/wp\/v2\/types\/page"}],"author":[{"embeddable":true,"href":"https:\/\/systemcali.edu.co\/portal\/wp-json\/wp\/v2\/users\/2"}],"replies":[{"embeddable":true,"href":"https:\/\/systemcali.edu.co\/portal\/wp-json\/wp\/v2\/comments?post=6591"}],"version-history":[{"count":6,"href":"https:\/\/systemcali.edu.co\/portal\/wp-json\/wp\/v2\/pages\/6591\/revisions"}],"predecessor-version":[{"id":6604,"href":"https:\/\/systemcali.edu.co\/portal\/wp-json\/wp\/v2\/pages\/6591\/revisions\/6604"}],"wp:attachment":[{"href":"https:\/\/systemcali.edu.co\/portal\/wp-json\/wp\/v2\/media?parent=6591"}],"curies":[{"name":"wp","href":"https:\/\/api.w.org\/{rel}","templated":true}]}}