{"id":185,"date":"2020-07-25T00:16:10","date_gmt":"2020-07-25T00:16:10","guid":{"rendered":"https:\/\/systemcali.edu.co\/?page_id=185"},"modified":"2025-11-25T10:05:12","modified_gmt":"2025-11-25T15:05:12","slug":"diseno-grafico","status":"publish","type":"page","link":"https:\/\/systemcali.edu.co\/portal\/diseno-grafico\/","title":{"rendered":"T\u00e9cnico Laboral en Auxiliar en Dise\u00f1o Gr\u00e1fico"},"content":{"rendered":"","protected":false},"excerpt":{"rendered":"","protected":false},"author":1,"featured_media":0,"parent":0,"menu_order":0,"comment_status":"closed","ping_status":"closed","template":"","meta":{"footnotes":""},"class_list":["post-185","page","type-page","status-publish","hentry"],"_links":{"self":[{"href":"https:\/\/systemcali.edu.co\/portal\/wp-json\/wp\/v2\/pages\/185","targetHints":{"allow":["GET"]}}],"collection":[{"href":"https:\/\/systemcali.edu.co\/portal\/wp-json\/wp\/v2\/pages"}],"about":[{"href":"https:\/\/systemcali.edu.co\/portal\/wp-json\/wp\/v2\/types\/page"}],"author":[{"embeddable":true,"href":"https:\/\/systemcali.edu.co\/portal\/wp-json\/wp\/v2\/users\/1"}],"replies":[{"embeddable":true,"href":"https:\/\/systemcali.edu.co\/portal\/wp-json\/wp\/v2\/comments?post=185"}],"version-history":[{"count":5,"href":"https:\/\/systemcali.edu.co\/portal\/wp-json\/wp\/v2\/pages\/185\/revisions"}],"predecessor-version":[{"id":11598,"href":"https:\/\/systemcali.edu.co\/portal\/wp-json\/wp\/v2\/pages\/185\/revisions\/11598"}],"wp:attachment":[{"href":"https:\/\/systemcali.edu.co\/portal\/wp-json\/wp\/v2\/media?parent=185"}],"curies":[{"name":"wp","href":"https:\/\/api.w.org\/{rel}","templated":true}]}}